{"id":1023,"date":"2022-06-22T22:03:01","date_gmt":"2022-06-22T20:03:01","guid":{"rendered":"https:\/\/diekilians.com\/?page_id=1023"},"modified":"2022-07-13T01:16:45","modified_gmt":"2022-07-12T23:16:45","slug":"start","status":"publish","type":"page","link":"https:\/\/diekilians.com\/en\/","title":{"rendered":"Start"},"content":{"rendered":"\t\t<div data-elementor-type=\"wp-page\" data-elementor-id=\"1023\" class=\"elementor elementor-1023\" data-elementor-post-type=\"page\">\n\t\t\t\t\t\t<section class=\"elementor-section elementor-top-section elementor-element elementor-element-34f9eb4 elementor-section-full_width elementor-section-height-default elementor-section-height-default\" data-id=\"34f9eb4\" data-element_type=\"section\" data-e-type=\"section\" data-settings=\"{&quot;sticky&quot;:&quot;top&quot;,&quot;sticky_on&quot;:[&quot;desktop&quot;,&quot;tablet&quot;,&quot;mobile&quot;],&quot;sticky_offset&quot;:0,&quot;sticky_effects_offset&quot;:0,&quot;sticky_anchor_link_offset&quot;:0}\">\n\t\t\t\t\t\t<div class=\"elementor-container elementor-column-gap-default\">\n\t\t\t\t\t<div class=\"elementor-column elementor-col-50 elementor-top-column elementor-element elementor-element-8e95201\" data-id=\"8e95201\" data-element_type=\"column\" data-e-type=\"column\">\n\t\t\t<div class=\"elementor-widget-wrap elementor-element-populated\">\n\t\t\t\t\t\t<div class=\"elementor-element elementor-element-e0ddb2a elementor-absolute elementor-widget elementor-widget-text-editor\" data-id=\"e0ddb2a\" data-element_type=\"widget\" data-e-type=\"widget\" data-settings=\"{&quot;_position&quot;:&quot;absolute&quot;}\" data-widget_type=\"text-editor.default\">\n\t\t\t\t<div class=\"elementor-widget-container\">\n\t\t\t\t\t\t\t\t\t<p>Die Kilians \u2014<\/p>\t\t\t\t\t\t\t\t<\/div>\n\t\t\t\t<\/div>\n\t\t\t\t<div class=\"elementor-element elementor-element-dfbecab elementor-absolute elementor-widget elementor-widget-text-editor\" data-id=\"dfbecab\" data-element_type=\"widget\" data-e-type=\"widget\" data-settings=\"{&quot;_position&quot;:&quot;absolute&quot;}\" data-widget_type=\"text-editor.default\">\n\t\t\t\t<div class=\"elementor-widget-container\">\n\t\t\t\t\t\t\t\t\tStart\t\t\t\t\t\t\t\t<\/div>\n\t\t\t\t<\/div>\n\t\t\t\t\t<\/div>\n\t\t<\/div>\n\t\t\t\t<div class=\"elementor-column elementor-col-50 elementor-top-column elementor-element elementor-element-4349b46\" data-id=\"4349b46\" data-element_type=\"column\" data-e-type=\"column\">\n\t\t\t<div class=\"elementor-widget-wrap elementor-element-populated\">\n\t\t\t\t\t\t<div class=\"elementor-element elementor-element-4b1748a elementor-align-right elementor-fixed elementor-widget elementor-widget-button\" data-id=\"4b1748a\" data-element_type=\"widget\" data-e-type=\"widget\" data-settings=\"{&quot;_position&quot;:&quot;fixed&quot;}\" data-widget_type=\"button.default\">\n\t\t\t\t<div class=\"elementor-widget-container\">\n\t\t\t\t\t\t\t\t\t<div class=\"elementor-button-wrapper\">\n\t\t\t\t\t<a class=\"elementor-button elementor-button-link elementor-size-xl elementor-animation-shrink\" href=\"#elementor-action%3Aaction%3Dpopup%3Aopen%26settings%3DeyJpZCI6IjUxIiwidG9nZ2xlIjpmYWxzZX0%3D\">\n\t\t\t\t\t\t<span class=\"elementor-button-content-wrapper\">\n\t\t\t\t\t\t<span class=\"elementor-button-icon\">\n\t\t\t\t<svg xmlns=\"http:\/\/www.w3.org\/2000\/svg\" xmlns:xlink=\"http:\/\/www.w3.org\/1999\/xlink\" xmlns:serif=\"http:\/\/www.serif.com\/\" width=\"100%\" height=\"100%\" viewBox=\"0 0 500 500\" xml:space=\"preserve\" style=\"fill-rule:evenodd;clip-rule:evenodd;stroke-linecap:round;stroke-linejoin:round;stroke-miterlimit:1.5;\">    <g transform=\"matrix(0.832837,0,0,1.12421,103.883,155.704)\">        <path d=\"M71.299,83.706L390.334,83.706\" style=\"fill:none;stroke:black;stroke-width:20.22px;\"><\/path>    <\/g>    <g transform=\"matrix(1.12421,0,0,1.12421,-9.48583,310.967)\">        <path d=\"M71.299,83.706L390.334,83.706\" style=\"fill:none;stroke:black;stroke-width:17.79px;\"><\/path>    <\/g>    <g transform=\"matrix(1.12421,0,0,1.12421,-9.48583,3.93529)\">        <path d=\"M71.299,83.706L390.334,83.706\" style=\"fill:none;stroke:black;stroke-width:17.79px;\"><\/path>    <\/g><\/svg>\t\t\t<\/span>\n\t\t\t\t\t\t\t\t<\/span>\n\t\t\t\t\t<\/a>\n\t\t\t\t<\/div>\n\t\t\t\t\t\t\t\t<\/div>\n\t\t\t\t<\/div>\n\t\t\t\t\t<\/div>\n\t\t<\/div>\n\t\t\t\t\t<\/div>\n\t\t<\/section>\n\t\t\t\t<section class=\"elementor-section elementor-top-section elementor-element elementor-element-367d13d elementor-section-height-min-height elementor-section-boxed elementor-section-height-default elementor-section-items-middle\" data-id=\"367d13d\" data-element_type=\"section\" data-e-type=\"section\">\n\t\t\t\t\t\t<div class=\"elementor-container elementor-column-gap-default\">\n\t\t\t\t\t<div class=\"elementor-column elementor-col-100 elementor-top-column elementor-element elementor-element-6c3d2ae\" data-id=\"6c3d2ae\" data-element_type=\"column\" data-e-type=\"column\">\n\t\t\t<div class=\"elementor-widget-wrap\">\n\t\t\t\t\t\t\t<\/div>\n\t\t<\/div>\n\t\t\t\t\t<\/div>\n\t\t<\/section>\n\t\t\t\t<section class=\"elementor-section elementor-top-section elementor-element elementor-element-f0687ca elementor-section-full_width elementor-section-height-min-height elementor-section-items-top elementor-section-stretched elementor-section-height-default\" data-id=\"f0687ca\" data-element_type=\"section\" data-e-type=\"section\" data-settings=\"{&quot;stretch_section&quot;:&quot;section-stretched&quot;,&quot;background_background&quot;:&quot;classic&quot;}\">\n\t\t\t\t\t\t<div class=\"elementor-container elementor-column-gap-default\">\n\t\t\t\t\t<div class=\"elementor-column elementor-col-100 elementor-top-column elementor-element elementor-element-2763f44\" data-id=\"2763f44\" data-element_type=\"column\" data-e-type=\"column\">\n\t\t\t<div class=\"elementor-widget-wrap elementor-element-populated\">\n\t\t\t\t\t\t<div class=\"elementor-element elementor-element-41a4e64 elementor-widget elementor-widget-heading\" data-id=\"41a4e64\" data-element_type=\"widget\" data-e-type=\"widget\" data-widget_type=\"heading.default\">\n\t\t\t\t<div class=\"elementor-widget-container\">\n\t\t\t\t\t<h2 class=\"elementor-heading-title elementor-size-default\">Die Kilians<\/h2>\t\t\t\t<\/div>\n\t\t\t\t<\/div>\n\t\t\t\t\t<\/div>\n\t\t<\/div>\n\t\t\t\t\t<\/div>\n\t\t<\/section>\n\t\t\t\t<section class=\"elementor-section elementor-top-section elementor-element elementor-element-621873d elementor-section-full_width elementor-section-height-min-height elementor-section-items-top elementor-section-stretched elementor-section-height-default\" data-id=\"621873d\" data-element_type=\"section\" data-e-type=\"section\" data-settings=\"{&quot;stretch_section&quot;:&quot;section-stretched&quot;,&quot;background_background&quot;:&quot;classic&quot;}\">\n\t\t\t\t\t\t<div class=\"elementor-container elementor-column-gap-default\">\n\t\t\t\t\t<div class=\"elementor-column elementor-col-50 elementor-top-column elementor-element elementor-element-6d1fe3b\" data-id=\"6d1fe3b\" data-element_type=\"column\" data-e-type=\"column\">\n\t\t\t<div class=\"elementor-widget-wrap elementor-element-populated\">\n\t\t\t\t\t\t<div class=\"elementor-element elementor-element-e108b19 elementor-widget elementor-widget-image\" data-id=\"e108b19\" data-element_type=\"widget\" data-e-type=\"widget\" data-widget_type=\"image.default\">\n\t\t\t\t<div class=\"elementor-widget-container\">\n\t\t\t\t\t\t\t\t\t\t\t\t\t\t\t<img fetchpriority=\"high\" decoding=\"async\" width=\"1024\" height=\"683\" src=\"https:\/\/diekilians.com\/wp-content\/uploads\/2022\/06\/web_medium_KULTURgut_FlixaFlamme_201204_3531-1024x683.jpg\" class=\"attachment-large size-large wp-image-580\" alt=\"\" srcset=\"https:\/\/diekilians.com\/wp-content\/uploads\/2022\/06\/web_medium_KULTURgut_FlixaFlamme_201204_3531-1024x683.jpg 1024w, https:\/\/diekilians.com\/wp-content\/uploads\/2022\/06\/web_medium_KULTURgut_FlixaFlamme_201204_3531-300x200.jpg 300w, https:\/\/diekilians.com\/wp-content\/uploads\/2022\/06\/web_medium_KULTURgut_FlixaFlamme_201204_3531-768x512.jpg 768w, https:\/\/diekilians.com\/wp-content\/uploads\/2022\/06\/web_medium_KULTURgut_FlixaFlamme_201204_3531-1536x1024.jpg 1536w, https:\/\/diekilians.com\/wp-content\/uploads\/2022\/06\/web_medium_KULTURgut_FlixaFlamme_201204_3531-2048x1366.jpg 2048w\" sizes=\"(max-width: 1024px) 100vw, 1024px\" \/>\t\t\t\t\t\t\t\t\t\t\t\t\t\t\t<\/div>\n\t\t\t\t<\/div>\n\t\t\t\t<div class=\"elementor-element elementor-element-63e9b3d elementor-widget elementor-widget-text-editor\" data-id=\"63e9b3d\" data-element_type=\"widget\" data-e-type=\"widget\" data-widget_type=\"text-editor.default\">\n\t\t\t\t<div class=\"elementor-widget-container\">\n\t\t\t\t\t\t\t\t\t<p>Foto von Nicolai Brunn<\/p>\t\t\t\t\t\t\t\t<\/div>\n\t\t\t\t<\/div>\n\t\t\t\t\t<\/div>\n\t\t<\/div>\n\t\t\t\t<div class=\"elementor-column elementor-col-50 elementor-top-column elementor-element elementor-element-50b5c63\" data-id=\"50b5c63\" data-element_type=\"column\" data-e-type=\"column\">\n\t\t\t<div class=\"elementor-widget-wrap elementor-element-populated\">\n\t\t\t\t\t\t<div class=\"elementor-element elementor-element-4083759 elementor-widget elementor-widget-text-editor\" data-id=\"4083759\" data-element_type=\"widget\" data-e-type=\"widget\" data-widget_type=\"text-editor.default\">\n\t\t\t\t<div class=\"elementor-widget-container\">\n\t\t\t\t\t\t\t\t\t<p>Die Kilians spielen historische Musik aus verschiedenen Epochen (Mittelalter, Renaissance, viktorianische Zeit) sowie traditionelle Musik aus ganz Europa bis in den mittleren Osten. <br \/>In Konzerts\u00e4len sind sie ebenso zu Hause wie in Kirchen und Museen, auf Kleinkunstb\u00fchnen und in Theatern, auf historischen Veranstaltungen und Festivals.<\/p>\t\t\t\t\t\t\t\t<\/div>\n\t\t\t\t<\/div>\n\t\t\t\t<div class=\"elementor-element elementor-element-c656a66 elementor-widget elementor-widget-text-editor\" data-id=\"c656a66\" data-element_type=\"widget\" data-e-type=\"widget\" data-widget_type=\"text-editor.default\">\n\t\t\t\t<div class=\"elementor-widget-container\">\n\t\t\t\t\t\t\t\t\t<p>\u201eDie Besch\u00e4ftigung mit traditionellen Musikstilen, egal ob aus dem Orient, keltischen L\u00e4ndern oder dem Balkan, hat f\u00fcr mich viel mit Hinh\u00f6ren und imitieren zu tun, es ist wie Dialekte lernen&#8230;\u201c<br><span>\u2014<\/span> Dirk Kilian\n<\/p>\n<p>\u201eDie Rhythmen, die traditioneller Musik zugrunde liegen, sind so vielf\u00e4ltig. Sie bilden die Struktur, den Puls der Musik.\u201c<br><span>\u2014 <\/span>Silke Kilian<\/p>\t\t\t\t\t\t\t\t<\/div>\n\t\t\t\t<\/div>\n\t\t\t\t<div class=\"elementor-element elementor-element-f1a8e1a elementor-widget elementor-widget-text-editor\" data-id=\"f1a8e1a\" data-element_type=\"widget\" data-e-type=\"widget\" data-widget_type=\"text-editor.default\">\n\t\t\t\t<div class=\"elementor-widget-container\">\n\t\t\t\t\t\t\t\t\t<p>Die beiden Klangk\u00fcnstler lieben die Kooperation mit anderen Genres wie Schauspiel, Figurentheater, Tanz, Film und Fotografie.<\/p>\t\t\t\t\t\t\t\t<\/div>\n\t\t\t\t<\/div>\n\t\t\t\t\t<\/div>\n\t\t<\/div>\n\t\t\t\t\t<\/div>\n\t\t<\/section>\n\t\t\t\t<section class=\"elementor-section elementor-top-section elementor-element elementor-element-72d4ac3 elementor-section-full_width elementor-section-height-min-height elementor-section-items-top elementor-section-stretched elementor-section-height-default\" data-id=\"72d4ac3\" data-element_type=\"section\" data-e-type=\"section\" data-settings=\"{&quot;stretch_section&quot;:&quot;section-stretched&quot;,&quot;background_background&quot;:&quot;classic&quot;}\">\n\t\t\t\t\t\t<div class=\"elementor-container elementor-column-gap-default\">\n\t\t\t\t\t<div class=\"elementor-column elementor-col-100 elementor-top-column elementor-element elementor-element-8dc04a5\" data-id=\"8dc04a5\" data-element_type=\"column\" data-e-type=\"column\">\n\t\t\t<div class=\"elementor-widget-wrap elementor-element-populated\">\n\t\t\t\t\t\t<div class=\"elementor-element elementor-element-1d2b9e2 elementor-shape-rounded elementor-grid-0 e-grid-align-center elementor-widget elementor-widget-social-icons\" data-id=\"1d2b9e2\" data-element_type=\"widget\" data-e-type=\"widget\" data-widget_type=\"social-icons.default\">\n\t\t\t\t<div class=\"elementor-widget-container\">\n\t\t\t\t\t\t\t<div class=\"elementor-social-icons-wrapper elementor-grid\" role=\"list\">\n\t\t\t\t\t\t\t<span class=\"elementor-grid-item\" role=\"listitem\">\n\t\t\t\t\t<a class=\"elementor-icon elementor-social-icon elementor-social-icon-envelope elementor-animation-shrink elementor-repeater-item-39ec67d\" href=\"mailto:info@diekilians.de\" target=\"_blank\">\n\t\t\t\t\t\t<span class=\"elementor-screen-only\">Envelope<\/span>\n\t\t\t\t\t\t<i aria-hidden=\"true\" class=\"far fa-envelope\"><\/i>\t\t\t\t\t<\/a>\n\t\t\t\t<\/span>\n\t\t\t\t\t\t\t<span class=\"elementor-grid-item\" role=\"listitem\">\n\t\t\t\t\t<a class=\"elementor-icon elementor-social-icon elementor-social-icon-youtube elementor-animation-shrink elementor-repeater-item-25409d1\" href=\"https:\/\/www.youtube.com\/channel\/UCYQ6zDGAfYkvNoVLJCQ3iNg\/videos\" target=\"_blank\">\n\t\t\t\t\t\t<span class=\"elementor-screen-only\">Youtube<\/span>\n\t\t\t\t\t\t<i aria-hidden=\"true\" class=\"fab fa-youtube\"><\/i>\t\t\t\t\t<\/a>\n\t\t\t\t<\/span>\n\t\t\t\t\t\t\t<span class=\"elementor-grid-item\" role=\"listitem\">\n\t\t\t\t\t<a class=\"elementor-icon elementor-social-icon elementor-social-icon-facebook elementor-animation-shrink elementor-repeater-item-6e449f1\" href=\"https:\/\/m.facebook.com\/people\/Joyosa\/100063807420540\/\" target=\"_blank\">\n\t\t\t\t\t\t<span class=\"elementor-screen-only\">Facebook<\/span>\n\t\t\t\t\t\t<i aria-hidden=\"true\" class=\"fab fa-facebook\"><\/i>\t\t\t\t\t<\/a>\n\t\t\t\t<\/span>\n\t\t\t\t\t\t\t<span class=\"elementor-grid-item\" role=\"listitem\">\n\t\t\t\t\t<a class=\"elementor-icon elementor-social-icon elementor-social-icon-phone elementor-animation-shrink elementor-repeater-item-e89ca03\" href=\"tel:015124232846\" target=\"_blank\">\n\t\t\t\t\t\t<span class=\"elementor-screen-only\">Phone<\/span>\n\t\t\t\t\t\t<i aria-hidden=\"true\" class=\"fas fa-phone\"><\/i>\t\t\t\t\t<\/a>\n\t\t\t\t<\/span>\n\t\t\t\t\t<\/div>\n\t\t\t\t\t\t<\/div>\n\t\t\t\t<\/div>\n\t\t\t\t\t<\/div>\n\t\t<\/div>\n\t\t\t\t\t<\/div>\n\t\t<\/section>\n\t\t\t\t<\/div>\n\t\t","protected":false},"excerpt":{"rendered":"<p>Die Kilians \u2014 Die Kilians Foto von Nicolai Brunn Die Kilians spielen historische Musik aus verschiedenen Epochen (Mittelalter, Renaissance, viktorianische Zeit) sowie traditionelle Musik aus ganz Europa bis in den [&hellip;]<\/p>\n","protected":false},"author":1,"featured_media":0,"parent":0,"menu_order":0,"comment_status":"closed","ping_status":"closed","template":"elementor_canvas","meta":{"site-sidebar-layout":"no-sidebar","site-content-layout":"page-builder","ast-site-content-layout":"default","site-content-style":"default","site-sidebar-style":"default","ast-global-header-display":"","ast-banner-title-visibility":"","ast-main-header-display":"","ast-hfb-above-header-display":"","ast-hfb-below-header-display":"","ast-hfb-mobile-header-display":"","site-post-title":"disabled","ast-breadcrumbs-content":"","ast-featured-img":"disabled","footer-sml-layout":"","ast-disable-related-posts":"","theme-transparent-header-meta":"","adv-header-id-meta":"","stick-header-meta":"","header-above-stick-meta":"","header-main-stick-meta":"","header-below-stick-meta":"","astra-migrate-meta-layouts":"default","ast-page-background-enabled":"default","ast-page-background-meta":{"desktop":{"background-color":"var(--ast-global-color-4)","background-image":"","background-repeat":"repeat","background-position":"center center","background-size":"auto","background-attachment":"scroll","background-type":"","background-media":"","overlay-type":"","overlay-color":"","overlay-opacity":"","overlay-gradient":""},"tablet":{"background-color":"","background-image":"","background-repeat":"repeat","background-position":"center center","background-size":"auto","background-attachment":"scroll","background-type":"","background-media":"","overlay-type":"","overlay-color":"","overlay-opacity":"","overlay-gradient":""},"mobile":{"background-color":"","background-image":"","background-repeat":"repeat","background-position":"center center","background-size":"auto","background-attachment":"scroll","background-type":"","background-media":"","overlay-type":"","overlay-color":"","overlay-opacity":"","overlay-gradient":""}},"ast-content-background-meta":{"desktop":{"background-color":"var(--ast-global-color-5)","background-image":"","background-repeat":"repeat","background-position":"center center","background-size":"auto","background-attachment":"scroll","background-type":"","background-media":"","overlay-type":"","overlay-color":"","overlay-opacity":"","overlay-gradient":""},"tablet":{"background-color":"var(--ast-global-color-5)","background-image":"","background-repeat":"repeat","background-position":"center center","background-size":"auto","background-attachment":"scroll","background-type":"","background-media":"","overlay-type":"","overlay-color":"","overlay-opacity":"","overlay-gradient":""},"mobile":{"background-color":"var(--ast-global-color-5)","background-image":"","background-repeat":"repeat","background-position":"center center","background-size":"auto","background-attachment":"scroll","background-type":"","background-media":"","overlay-type":"","overlay-color":"","overlay-opacity":"","overlay-gradient":""}},"footnotes":""},"class_list":["post-1023","page","type-page","status-publish","hentry"],"yoast_head":"<!-- This site is optimized with the Yoast SEO plugin v27.4 - https:\/\/yoast.com\/product\/yoast-seo-wordpress\/ -->\n<title>Start - Die Kilians<\/title>\n<meta name=\"robots\" content=\"index, follow, max-snippet:-1, max-image-preview:large, max-video-preview:-1\" \/>\n<link rel=\"canonical\" href=\"https:\/\/diekilians.com\/en\/\" \/>\n<meta property=\"og:locale\" content=\"en_GB\" \/>\n<meta property=\"og:type\" content=\"article\" \/>\n<meta property=\"og:title\" content=\"Start - Die Kilians\" \/>\n<meta property=\"og:description\" content=\"Die Kilians \u2014 Die Kilians Foto von Nicolai Brunn Die Kilians spielen historische Musik aus verschiedenen Epochen (Mittelalter, Renaissance, viktorianische Zeit) sowie traditionelle Musik aus ganz Europa bis in den [&hellip;]\" \/>\n<meta property=\"og:url\" content=\"https:\/\/diekilians.com\/en\/\" \/>\n<meta property=\"og:site_name\" content=\"Die Kilians\" \/>\n<meta property=\"article:modified_time\" content=\"2022-07-12T23:16:45+00:00\" \/>\n<meta property=\"og:image\" content=\"https:\/\/diekilians.com\/wp-content\/uploads\/2022\/06\/web_medium_KULTURgut_FlixaFlamme_201204_3531-1024x683.jpg\" \/>\n<meta name=\"twitter:card\" content=\"summary_large_image\" \/>\n<meta name=\"twitter:label1\" content=\"Estimated reading time\" \/>\n\t<meta name=\"twitter:data1\" content=\"1 minute\" \/>\n<script type=\"application\/ld+json\" class=\"yoast-schema-graph\">{\"@context\":\"https:\\\/\\\/schema.org\",\"@graph\":[{\"@type\":\"WebPage\",\"@id\":\"https:\\\/\\\/diekilians.com\\\/\",\"url\":\"https:\\\/\\\/diekilians.com\\\/\",\"name\":\"Start - Die Kilians\",\"isPartOf\":{\"@id\":\"https:\\\/\\\/diekilians.com\\\/#website\"},\"primaryImageOfPage\":{\"@id\":\"https:\\\/\\\/diekilians.com\\\/#primaryimage\"},\"image\":{\"@id\":\"https:\\\/\\\/diekilians.com\\\/#primaryimage\"},\"thumbnailUrl\":\"https:\\\/\\\/diekilians.com\\\/wp-content\\\/uploads\\\/2022\\\/06\\\/web_medium_KULTURgut_FlixaFlamme_201204_3531-1024x683.jpg\",\"datePublished\":\"2022-06-22T20:03:01+00:00\",\"dateModified\":\"2022-07-12T23:16:45+00:00\",\"breadcrumb\":{\"@id\":\"https:\\\/\\\/diekilians.com\\\/#breadcrumb\"},\"inLanguage\":\"en-GB\",\"potentialAction\":[{\"@type\":\"ReadAction\",\"target\":[\"https:\\\/\\\/diekilians.com\\\/\"]}]},{\"@type\":\"ImageObject\",\"inLanguage\":\"en-GB\",\"@id\":\"https:\\\/\\\/diekilians.com\\\/#primaryimage\",\"url\":\"https:\\\/\\\/diekilians.com\\\/wp-content\\\/uploads\\\/2022\\\/06\\\/web_medium_KULTURgut_FlixaFlamme_201204_3531-1024x683.jpg\",\"contentUrl\":\"https:\\\/\\\/diekilians.com\\\/wp-content\\\/uploads\\\/2022\\\/06\\\/web_medium_KULTURgut_FlixaFlamme_201204_3531-1024x683.jpg\"},{\"@type\":\"BreadcrumbList\",\"@id\":\"https:\\\/\\\/diekilians.com\\\/#breadcrumb\",\"itemListElement\":[{\"@type\":\"ListItem\",\"position\":1,\"name\":\"Startseite\",\"item\":\"https:\\\/\\\/diekilians.com\\\/\"},{\"@type\":\"ListItem\",\"position\":2,\"name\":\"Start\"}]},{\"@type\":\"WebSite\",\"@id\":\"https:\\\/\\\/diekilians.com\\\/#website\",\"url\":\"https:\\\/\\\/diekilians.com\\\/\",\"name\":\"Die Kilians\",\"description\":\"Musik\",\"potentialAction\":[{\"@type\":\"SearchAction\",\"target\":{\"@type\":\"EntryPoint\",\"urlTemplate\":\"https:\\\/\\\/diekilians.com\\\/?s={search_term_string}\"},\"query-input\":{\"@type\":\"PropertyValueSpecification\",\"valueRequired\":true,\"valueName\":\"search_term_string\"}}],\"inLanguage\":\"en-GB\"}]}<\/script>\n<!-- \/ Yoast SEO plugin. -->","yoast_head_json":{"title":"Start - Die Kilians","robots":{"index":"index","follow":"follow","max-snippet":"max-snippet:-1","max-image-preview":"max-image-preview:large","max-video-preview":"max-video-preview:-1"},"canonical":"https:\/\/diekilians.com\/en\/","og_locale":"en_GB","og_type":"article","og_title":"Start - Die Kilians","og_description":"Die Kilians \u2014 Die Kilians Foto von Nicolai Brunn Die Kilians spielen historische Musik aus verschiedenen Epochen (Mittelalter, Renaissance, viktorianische Zeit) sowie traditionelle Musik aus ganz Europa bis in den [&hellip;]","og_url":"https:\/\/diekilians.com\/en\/","og_site_name":"Die Kilians","article_modified_time":"2022-07-12T23:16:45+00:00","og_image":[{"url":"https:\/\/diekilians.com\/wp-content\/uploads\/2022\/06\/web_medium_KULTURgut_FlixaFlamme_201204_3531-1024x683.jpg","type":"","width":"","height":""}],"twitter_card":"summary_large_image","twitter_misc":{"Estimated reading time":"1 minute"},"schema":{"@context":"https:\/\/schema.org","@graph":[{"@type":"WebPage","@id":"https:\/\/diekilians.com\/","url":"https:\/\/diekilians.com\/","name":"Start - Die Kilians","isPartOf":{"@id":"https:\/\/diekilians.com\/#website"},"primaryImageOfPage":{"@id":"https:\/\/diekilians.com\/#primaryimage"},"image":{"@id":"https:\/\/diekilians.com\/#primaryimage"},"thumbnailUrl":"https:\/\/diekilians.com\/wp-content\/uploads\/2022\/06\/web_medium_KULTURgut_FlixaFlamme_201204_3531-1024x683.jpg","datePublished":"2022-06-22T20:03:01+00:00","dateModified":"2022-07-12T23:16:45+00:00","breadcrumb":{"@id":"https:\/\/diekilians.com\/#breadcrumb"},"inLanguage":"en-GB","potentialAction":[{"@type":"ReadAction","target":["https:\/\/diekilians.com\/"]}]},{"@type":"ImageObject","inLanguage":"en-GB","@id":"https:\/\/diekilians.com\/#primaryimage","url":"https:\/\/diekilians.com\/wp-content\/uploads\/2022\/06\/web_medium_KULTURgut_FlixaFlamme_201204_3531-1024x683.jpg","contentUrl":"https:\/\/diekilians.com\/wp-content\/uploads\/2022\/06\/web_medium_KULTURgut_FlixaFlamme_201204_3531-1024x683.jpg"},{"@type":"BreadcrumbList","@id":"https:\/\/diekilians.com\/#breadcrumb","itemListElement":[{"@type":"ListItem","position":1,"name":"Startseite","item":"https:\/\/diekilians.com\/"},{"@type":"ListItem","position":2,"name":"Start"}]},{"@type":"WebSite","@id":"https:\/\/diekilians.com\/#website","url":"https:\/\/diekilians.com\/","name":"The Kilians","description":"Musik","potentialAction":[{"@type":"SearchAction","target":{"@type":"EntryPoint","urlTemplate":"https:\/\/diekilians.com\/?s={search_term_string}"},"query-input":{"@type":"PropertyValueSpecification","valueRequired":true,"valueName":"search_term_string"}}],"inLanguage":"en-GB"}]}},"_links":{"self":[{"href":"https:\/\/diekilians.com\/en\/wp-json\/wp\/v2\/pages\/1023","targetHints":{"allow":["GET"]}}],"collection":[{"href":"https:\/\/diekilians.com\/en\/wp-json\/wp\/v2\/pages"}],"about":[{"href":"https:\/\/diekilians.com\/en\/wp-json\/wp\/v2\/types\/page"}],"author":[{"embeddable":true,"href":"https:\/\/diekilians.com\/en\/wp-json\/wp\/v2\/users\/1"}],"replies":[{"embeddable":true,"href":"https:\/\/diekilians.com\/en\/wp-json\/wp\/v2\/comments?post=1023"}],"version-history":[{"count":47,"href":"https:\/\/diekilians.com\/en\/wp-json\/wp\/v2\/pages\/1023\/revisions"}],"predecessor-version":[{"id":1163,"href":"https:\/\/diekilians.com\/en\/wp-json\/wp\/v2\/pages\/1023\/revisions\/1163"}],"wp:attachment":[{"href":"https:\/\/diekilians.com\/en\/wp-json\/wp\/v2\/media?parent=1023"}],"curies":[{"name":"wp","href":"https:\/\/api.w.org\/{rel}","templated":true}]}}